{"id":2,"date":"2016-05-10T03:48:21","date_gmt":"2016-05-10T03:48:21","guid":{"rendered":"http:\/\/ptshollabrunn.ac.at\/?page_id=2"},"modified":"2021-09-28T10:22:21","modified_gmt":"2021-09-28T10:22:21","slug":"sample-page","status":"publish","type":"page","link":"https:\/\/ptshollabrunn.ac.at\/","title":{"rendered":"HOME"},"content":{"rendered":"<h3 style=\"text-align: center;\">Herzlich willkommen in der Berufsgrundbildenden PTS Hollabrunn!<\/h3>\n<hr \/>\n<h5 style=\"text-align: center;\"><span style=\"color: #065e36;\"><strong>Wir begleiten dich auf deinem Weg ins Berufsleben!<\/strong><\/span><\/h5>\n<hr \/>\n<h4 style=\"text-align: center;\"><strong>Es gibt nur einen Weg um die Aufgaben, die wir haben zu schaffen <\/strong><\/h4>\n<h4 style=\"text-align: center;\"><strong>&#8230; den gemeinsamen Weg!<\/strong><\/h4>\n<h4 style=\"text-align: center;\"><img decoding=\"async\" loading=\"lazy\" class=\"size-medium wp-image-161 aligncenter\" src=\"http:\/\/ptshollabrunn.ac.at\/wp-content\/uploads\/2020\/06\/bus-300x218.png\" alt=\"\" width=\"300\" height=\"218\" srcset=\"https:\/\/ptshollabrunn.ac.at\/wp-content\/uploads\/2020\/06\/bus-300x218.png 300w, https:\/\/ptshollabrunn.ac.at\/wp-content\/uploads\/2020\/06\/bus.png 476w\" sizes=\"(max-width: 300px) 100vw, 300px\" \/><\/h4>\n<p style=\"text-align: center;\">Die Anmeldung f\u00fcr das n\u00e4chste Schuljahr ist schon am Tag, an dem die Sch\u00fclerinnen und Sch\u00fcler die Schulnachricht bekommen, bis 16 Uhr OHNE Termin m\u00f6glich.<\/p>\n<p>&nbsp;<\/p>\n<p style=\"text-align: center;\"><iframe loading=\"lazy\" title=\"YouTube video player\" src=\"https:\/\/www.youtube.com\/embed\/0GU5MX2Yc1Y\" width=\"560\" height=\"315\" frameborder=\"0\" allowfullscreen=\"allowfullscreen\"><span style=\"display: inline-block; width: 0px; overflow: hidden; line-height: 0;\" data-mce-type=\"bookmark\" class=\"mce_SELRES_start\">\ufeff<\/span><\/iframe><\/p>\n<p>&nbsp;<\/p>\n<p>&nbsp;<\/p>\n","protected":false},"excerpt":{"rendered":"<p>Herzlich willkommen in der Berufsgrundbildenden PTS Hollabrunn! Wir begleiten dich auf deinem Weg ins Berufsleben! Es gibt nur einen Weg um die Aufgaben, die wir haben zu schaffen &#8230; den gemeinsamen Weg! Die Anmeldung f\u00fcr das n\u00e4chste Schuljahr ist schon am Tag, an dem die Sch\u00fclerinnen und Sch\u00fcler die Schulnachricht<\/p>\n","protected":false},"author":1,"featured_media":0,"parent":0,"menu_order":0,"comment_status":"closed","ping_status":"closed","template":"","meta":[],"_links":{"self":[{"href":"https:\/\/ptshollabrunn.ac.at\/index.php?rest_route=\/wp\/v2\/pages\/2"}],"collection":[{"href":"https:\/\/ptshollabrunn.ac.at\/index.php?rest_route=\/wp\/v2\/pages"}],"about":[{"href":"https:\/\/ptshollabrunn.ac.at\/index.php?rest_route=\/wp\/v2\/types\/page"}],"author":[{"embeddable":true,"href":"https:\/\/ptshollabrunn.ac.at\/index.php?rest_route=\/wp\/v2\/users\/1"}],"replies":[{"embeddable":true,"href":"https:\/\/ptshollabrunn.ac.at\/index.php?rest_route=%2Fwp%2Fv2%2Fcomments&post=2"}],"version-history":[{"count":21,"href":"https:\/\/ptshollabrunn.ac.at\/index.php?rest_route=\/wp\/v2\/pages\/2\/revisions"}],"predecessor-version":[{"id":252,"href":"https:\/\/ptshollabrunn.ac.at\/index.php?rest_route=\/wp\/v2\/pages\/2\/revisions\/252"}],"wp:attachment":[{"href":"https:\/\/ptshollabrunn.ac.at\/index.php?rest_route=%2Fwp%2Fv2%2Fmedia&parent=2"}],"curies":[{"name":"wp","href":"https:\/\/api.w.org\/{rel}","templated":true}]}}